{"id":989719,"date":"2024-04-19T07:27:15","date_gmt":"2024-04-19T07:27:15","guid":{"rendered":"https:\/\/zamorano.edu\/?page_id=989719"},"modified":"2024-07-12T23:36:41","modified_gmt":"2024-07-12T23:36:41","slug":"instructores-de-vida-estudiantil","status":"publish","type":"page","link":"http:\/\/52.15.254.18\/en\/instructores-de-vida-estudiantil\/","title":{"rendered":"Student Life Instructors"},"content":{"rendered":"<div data-elementor-type=\"wp-page\" data-elementor-id=\"989719\" class=\"elementor elementor-989719\" data-elementor-post-type=\"page\">\n\t\t\t\t\t\t<section class=\"elementor-section elementor-top-section elementor-element elementor-element-f613fe2 elementor-section-height-min-height elementor-section-boxed elementor-section-height-default elementor-section-items-middle\" data-id=\"f613fe2\" data-element_type=\"section\" data-settings=\"{&quot;background_background&quot;:&quot;classic&quot;}\">\n\t\t\t\t\t\t<div class=\"elementor-container elementor-column-gap-default\">\n\t\t\t\t\t<div class=\"elementor-column elementor-col-100 elementor-top-column elementor-element elementor-element-e2ab26d\" data-id=\"e2ab26d\" data-element_type=\"column\" data-settings=\"{&quot;background_background&quot;:&quot;classic&quot;}\">\n\t\t\t<div class=\"elementor-widget-wrap\">\n\t\t\t\t\t\t\t<\/div>\n\t\t<\/div>\n\t\t\t\t\t<\/div>\n\t\t<\/section>\n\t\t\t\t<section class=\"elementor-section elementor-top-section elementor-element elementor-element-caaf071 elementor-section-boxed elementor-section-height-default elementor-section-height-default\" data-id=\"caaf071\" data-element_type=\"section\">\n\t\t\t\t\t\t<div class=\"elementor-container elementor-column-gap-no\">\n\t\t\t\t\t<div class=\"elementor-column elementor-col-50 elementor-top-column elementor-element elementor-element-4e79ffa animated-fast elementor-invisible\" data-id=\"4e79ffa\" data-element_type=\"column\" data-settings=\"{&quot;background_background&quot;:&quot;classic&quot;,&quot;animation&quot;:&quot;fadeIn&quot;,&quot;animation_tablet&quot;:&quot;none&quot;,&quot;animation_mobile&quot;:&quot;none&quot;,&quot;animation_delay&quot;:100}\">\n\t\t\t<div class=\"elementor-widget-wrap elementor-element-populated\">\n\t\t\t\t\t\t<div class=\"elementor-element elementor-element-c2112f5 elementor-widget elementor-widget-heading\" data-id=\"c2112f5\" data-element_type=\"widget\" data-widget_type=\"heading.default\">\n\t\t\t\t<div class=\"elementor-widget-container\">\n\t\t\t\t\t<h1 class=\"elementor-heading-title elementor-size-default\">Student Life Instructors<\/h1>\t\t\t\t<\/div>\n\t\t\t\t<\/div>\n\t\t\t\t<div class=\"elementor-element elementor-element-d65f78a elementor-widget elementor-widget-text-editor\" data-id=\"d65f78a\" data-element_type=\"widget\" data-widget_type=\"text-editor.default\">\n\t\t\t\t<div class=\"elementor-widget-container\">\n\t\t\t\t\t\t\t\t\t<p><span data-contrast=\"auto\">The team of Student Life instructors is responsible for promoting institutional values by supporting cultural, sports and recreational activities within and between the residences. <\/span><\/p>\t\t\t\t\t\t\t\t<\/div>\n\t\t\t\t<\/div>\n\t\t\t\t\t<\/div>\n\t\t<\/div>\n\t\t\t\t<div class=\"elementor-column elementor-col-50 elementor-top-column elementor-element elementor-element-1028bc1 elementor-hidden-desktop elementor-hidden-tablet elementor-hidden-phone\" data-id=\"1028bc1\" data-element_type=\"column\">\n\t\t\t<div class=\"elementor-widget-wrap\">\n\t\t\t\t\t\t\t<\/div>\n\t\t<\/div>\n\t\t\t\t\t<\/div>\n\t\t<\/section>\n\t\t<div class=\"elementor-element elementor-element-93026dc e-flex e-con-boxed e-con e-parent\" data-id=\"93026dc\" data-element_type=\"container\">\n\t\t\t\t\t<div class=\"e-con-inner\">\n\t\t\t\t<div class=\"elementor-element elementor-element-273f98f elementor-widget elementor-widget-spacer\" data-id=\"273f98f\" data-element_type=\"widget\" data-widget_type=\"spacer.default\">\n\t\t\t\t<div class=\"elementor-widget-container\">\n\t\t\t\t\t\t\t<div class=\"elementor-spacer\">\n\t\t\t<div class=\"elementor-spacer-inner\"><\/div>\n\t\t<\/div>\n\t\t\t\t\t\t<\/div>\n\t\t\t\t<\/div>\n\t\t\t\t\t<\/div>\n\t\t\t\t<\/div>\n\t\t\t\t<section class=\"elementor-section elementor-top-section elementor-element elementor-element-0bbfce3 elementor-reverse-mobile elementor-section-boxed elementor-section-height-default elementor-section-height-default\" data-id=\"0bbfce3\" data-element_type=\"section\" data-settings=\"{&quot;background_background&quot;:&quot;classic&quot;}\">\n\t\t\t\t\t\t<div class=\"elementor-container elementor-column-gap-default\">\n\t\t\t\t\t<div class=\"elementor-column elementor-col-50 elementor-top-column elementor-element elementor-element-e728647\" data-id=\"e728647\" data-element_type=\"column\" data-settings=\"{&quot;background_background&quot;:&quot;classic&quot;}\">\n\t\t\t<div class=\"elementor-widget-wrap elementor-element-populated\">\n\t\t\t\t\t\t<div class=\"elementor-element elementor-element-8724d20 elementor-widget elementor-widget-text-editor\" data-id=\"8724d20\" data-element_type=\"widget\" data-settings=\"{&quot;_animation&quot;:&quot;none&quot;,&quot;_animation_tablet&quot;:&quot;none&quot;,&quot;_animation_mobile&quot;:&quot;none&quot;,&quot;_animation_delay&quot;:200}\" data-widget_type=\"text-editor.default\">\n\t\t\t\t<div class=\"elementor-widget-container\">\n\t\t\t\t\t\t\t\t\t<p>It provides support for the integration, orientation and adaptation of students to the Zamorano system, as well as support in counseling in individual or group situations that require it.<\/p><p><span data-contrast=\"auto\">They monitor academic and disciplinary performance and supervise student dormitories, to verify cleanliness, order, use of time and behavior.<\/span><span data-ccp-props=\"{&quot;201341983&quot;:0,&quot;335551550&quot;:6,&quot;335551620&quot;:6,&quot;335559739&quot;:0,&quot;335559740&quot;:252}\">\u00a0<\/span><\/p><p>\u00a0<\/p>\t\t\t\t\t\t\t\t<\/div>\n\t\t\t\t<\/div>\n\t\t\t\t\t<\/div>\n\t\t<\/div>\n\t\t\t\t<div class=\"elementor-column elementor-col-50 elementor-top-column elementor-element elementor-element-5668636\" data-id=\"5668636\" data-element_type=\"column\">\n\t\t\t<div class=\"elementor-widget-wrap elementor-element-populated\">\n\t\t\t\t\t\t<div class=\"elementor-element elementor-element-b22cd6c elementor-hidden-tablet elementor-hidden-mobile elementor-invisible elementor-widget elementor-widget-image\" data-id=\"b22cd6c\" data-element_type=\"widget\" data-settings=\"{&quot;_animation&quot;:&quot;imageGrowWithScaleLeft&quot;,&quot;_animation_tablet&quot;:&quot;none&quot;}\" data-widget_type=\"image.default\">\n\t\t\t\t<div class=\"elementor-widget-container\">\n\t\t\t\t\t\t\t\t\t\t\t\t\t\t\t<img fetchpriority=\"high\" decoding=\"async\" width=\"1242\" height=\"2014\" src=\"http:\/\/52.15.254.18\/wp-content\/uploads\/2024\/05\/vida-estudiantil-Zamorano.png\" class=\"attachment-full size-full wp-image-992530\" alt=\"\" srcset=\"http:\/\/52.15.254.18\/wp-content\/uploads\/2024\/05\/vida-estudiantil-Zamorano.png 1242w, http:\/\/52.15.254.18\/wp-content\/uploads\/2024\/05\/vida-estudiantil-Zamorano-185x300.png 185w, http:\/\/52.15.254.18\/wp-content\/uploads\/2024\/05\/vida-estudiantil-Zamorano-631x1024.png 631w, http:\/\/52.15.254.18\/wp-content\/uploads\/2024\/05\/vida-estudiantil-Zamorano-768x1245.png 768w, http:\/\/52.15.254.18\/wp-content\/uploads\/2024\/05\/vida-estudiantil-Zamorano-947x1536.png 947w\" sizes=\"(max-width: 1242px) 100vw, 1242px\" \/>\t\t\t\t\t\t\t\t\t\t\t\t\t\t\t<\/div>\n\t\t\t\t<\/div>\n\t\t\t\t<div class=\"elementor-element elementor-element-ab6ef10 elementor-hidden-desktop elementor-widget elementor-widget-image\" data-id=\"ab6ef10\" data-element_type=\"widget\" data-widget_type=\"image.default\">\n\t\t\t\t<div class=\"elementor-widget-container\">\n\t\t\t\t\t\t\t\t\t\t\t\t\t\t\t<img decoding=\"async\" width=\"739\" height=\"1024\" src=\"http:\/\/52.15.254.18\/wp-content\/uploads\/2024\/05\/vida-estudiantil-Zamorano-movil-739x1024.png\" class=\"attachment-large size-large wp-image-992538\" alt=\"\" srcset=\"http:\/\/52.15.254.18\/wp-content\/uploads\/2024\/05\/vida-estudiantil-Zamorano-movil-739x1024.png 739w, http:\/\/52.15.254.18\/wp-content\/uploads\/2024\/05\/vida-estudiantil-Zamorano-movil-216x300.png 216w, http:\/\/52.15.254.18\/wp-content\/uploads\/2024\/05\/vida-estudiantil-Zamorano-movil-768x1065.png 768w, http:\/\/52.15.254.18\/wp-content\/uploads\/2024\/05\/vida-estudiantil-Zamorano-movil.png 779w\" sizes=\"(max-width: 739px) 100vw, 739px\" \/>\t\t\t\t\t\t\t\t\t\t\t\t\t\t\t<\/div>\n\t\t\t\t<\/div>\n\t\t\t\t\t<\/div>\n\t\t<\/div>\n\t\t\t\t\t<\/div>\n\t\t<\/section>\n\t\t\t\t<section class=\"elementor-section elementor-top-section elementor-element elementor-element-3f9e931 elementor-section-boxed elementor-section-height-default elementor-section-height-default\" data-id=\"3f9e931\" data-element_type=\"section\">\n\t\t\t\t\t\t<div class=\"elementor-container elementor-column-gap-default\">\n\t\t\t\t\t<div class=\"elementor-column elementor-col-100 elementor-top-column elementor-element elementor-element-10fcfd3\" data-id=\"10fcfd3\" data-element_type=\"column\">\n\t\t\t<div class=\"elementor-widget-wrap elementor-element-populated\">\n\t\t\t\t\t\t<div class=\"elementor-element elementor-element-c5e33b2 elementor-widget elementor-widget-text-editor\" data-id=\"c5e33b2\" data-element_type=\"widget\" data-widget_type=\"text-editor.default\">\n\t\t\t\t<div class=\"elementor-widget-container\">\n\t\t\t\t\t\t\t\t\t<p>\u00a0<\/p><p><span data-contrast=\"auto\">The team of Student Life instructors is made up of professionals from different areas: psychology, pedagogy, social work, agronomic engineering and nursing.<\/span><span data-ccp-props=\"{&quot;201341983&quot;:0,&quot;335551550&quot;:6,&quot;335551620&quot;:6,&quot;335559739&quot;:0,&quot;335559740&quot;:252}\">\u00a0<\/span><\/p><p><span data-contrast=\"auto\">They are grouped by residential areas:<\/span><span data-ccp-props=\"{&quot;201341983&quot;:0,&quot;335551550&quot;:6,&quot;335551620&quot;:6,&quot;335559739&quot;:0,&quot;335559740&quot;:252}\">\u00a0<\/span><\/p><ul><li><span data-contrast=\"auto\">North Zone<\/span><span data-ccp-props=\"{&quot;201341983&quot;:0,&quot;335551550&quot;:6,&quot;335551620&quot;:6,&quot;335559739&quot;:0,&quot;335559740&quot;:252}\">\u00a0<\/span><\/li><li><span data-contrast=\"auto\">East Zone<\/span><span data-ccp-props=\"{&quot;201341983&quot;:0,&quot;335551550&quot;:6,&quot;335551620&quot;:6,&quot;335559739&quot;:0,&quot;335559740&quot;:252}\">\u00a0<\/span><\/li><li><span data-contrast=\"auto\">South Zone\u00a0<\/span><span data-ccp-props=\"{&quot;201341983&quot;:0,&quot;335551550&quot;:6,&quot;335551620&quot;:6,&quot;335559739&quot;:0,&quot;335559740&quot;:252}\">\u00a0<\/span><\/li><\/ul><p><span data-contrast=\"auto\">There is an Operations and Logistics Coordinator, who oversees all the monitoring of the maintenance of the student dormitories, sports areas and student well-being spaces.<\/span><\/p>\t\t\t\t\t\t\t\t<\/div>\n\t\t\t\t<\/div>\n\t\t\t\t\t<\/div>\n\t\t<\/div>\n\t\t\t\t\t<\/div>\n\t\t<\/section>\n\t\t<div class=\"elementor-element elementor-element-efe9768 elementor-hidden-desktop e-flex e-con-boxed e-con e-parent\" data-id=\"efe9768\" data-element_type=\"container\">\n\t\t\t\t\t<div class=\"e-con-inner\">\n\t\t\t\t<div class=\"elementor-element elementor-element-b6327ac elementor-hidden-desktop elementor-widget elementor-widget-spacer\" data-id=\"b6327ac\" data-element_type=\"widget\" data-widget_type=\"spacer.default\">\n\t\t\t\t<div class=\"elementor-widget-container\">\n\t\t\t\t\t\t\t<div class=\"elementor-spacer\">\n\t\t\t<div class=\"elementor-spacer-inner\"><\/div>\n\t\t<\/div>\n\t\t\t\t\t\t<\/div>\n\t\t\t\t<\/div>\n\t\t\t\t\t<\/div>\n\t\t\t\t<\/div>\n\t\t\t\t<\/div>","protected":false},"excerpt":{"rendered":"<p>El equipo de instructores de Vida Estudiantil se encarga de fomentar los valores institucionales mediante el apoyo a las actividades culturales, deportivas y recreativas dentro y entre las residencias. Brinda apoyo para la integraci\u00f3n, orientaci\u00f3n y adaptaci\u00f3n de estudiantes al sistema de Zamorano, as\u00ed como apoyar en consejer\u00eda en las situaciones individuales o grupales que&#8230;<\/p>","protected":false},"author":1,"featured_media":0,"parent":0,"menu_order":0,"comment_status":"closed","ping_status":"closed","template":"","meta":{"content-type":"","inline_featured_image":false,"footnotes":""},"class_list":["post-989719","page","type-page","status-publish","hentry"],"_links":{"self":[{"href":"http:\/\/52.15.254.18\/en\/wp-json\/wp\/v2\/pages\/989719","targetHints":{"allow":["GET"]}}],"collection":[{"href":"http:\/\/52.15.254.18\/en\/wp-json\/wp\/v2\/pages"}],"about":[{"href":"http:\/\/52.15.254.18\/en\/wp-json\/wp\/v2\/types\/page"}],"author":[{"embeddable":true,"href":"http:\/\/52.15.254.18\/en\/wp-json\/wp\/v2\/users\/1"}],"replies":[{"embeddable":true,"href":"http:\/\/52.15.254.18\/en\/wp-json\/wp\/v2\/comments?post=989719"}],"version-history":[{"count":22,"href":"http:\/\/52.15.254.18\/en\/wp-json\/wp\/v2\/pages\/989719\/revisions"}],"predecessor-version":[{"id":996201,"href":"http:\/\/52.15.254.18\/en\/wp-json\/wp\/v2\/pages\/989719\/revisions\/996201"}],"wp:attachment":[{"href":"http:\/\/52.15.254.18\/en\/wp-json\/wp\/v2\/media?parent=989719"}],"curies":[{"name":"wp","href":"https:\/\/api.w.org\/{rel}","templated":true}]}}