{"id":989872,"date":"2024-04-19T09:23:51","date_gmt":"2024-04-19T09:23:51","guid":{"rendered":"https:\/\/zamorano.edu\/?page_id=989872"},"modified":"2025-07-24T01:33:59","modified_gmt":"2025-07-24T01:33:59","slug":"hecho-en-zamorano","status":"publish","type":"page","link":"http:\/\/52.15.254.18\/en\/hecho-en-zamorano\/","title":{"rendered":"Made in Zamorano"},"content":{"rendered":"<div data-elementor-type=\"wp-page\" data-elementor-id=\"989872\" class=\"elementor elementor-989872\" data-elementor-post-type=\"page\">\n\t\t\t\t\t\t<section class=\"elementor-section elementor-top-section elementor-element elementor-element-f613fe2 elementor-section-height-min-height elementor-section-boxed elementor-section-height-default elementor-section-items-middle\" data-id=\"f613fe2\" data-element_type=\"section\" data-settings=\"{&quot;background_background&quot;:&quot;classic&quot;}\">\n\t\t\t\t\t\t<div class=\"elementor-container elementor-column-gap-default\">\n\t\t\t\t\t<div class=\"elementor-column elementor-col-100 elementor-top-column elementor-element elementor-element-e2ab26d\" data-id=\"e2ab26d\" data-element_type=\"column\" data-settings=\"{&quot;background_background&quot;:&quot;classic&quot;}\">\n\t\t\t<div class=\"elementor-widget-wrap\">\n\t\t\t\t\t\t\t<\/div>\n\t\t<\/div>\n\t\t\t\t\t<\/div>\n\t\t<\/section>\n\t\t\t\t<section class=\"elementor-section elementor-top-section elementor-element elementor-element-caaf071 elementor-section-boxed elementor-section-height-default elementor-section-height-default\" data-id=\"caaf071\" data-element_type=\"section\">\n\t\t\t\t\t\t<div class=\"elementor-container elementor-column-gap-no\">\n\t\t\t\t\t<div class=\"elementor-column elementor-col-50 elementor-top-column elementor-element elementor-element-4e79ffa animated-fast elementor-invisible\" data-id=\"4e79ffa\" data-element_type=\"column\" data-settings=\"{&quot;background_background&quot;:&quot;classic&quot;,&quot;animation&quot;:&quot;fadeIn&quot;,&quot;animation_tablet&quot;:&quot;none&quot;,&quot;animation_mobile&quot;:&quot;none&quot;,&quot;animation_delay&quot;:100}\">\n\t\t\t<div class=\"elementor-widget-wrap elementor-element-populated\">\n\t\t\t\t\t\t<div class=\"elementor-element elementor-element-c2112f5 elementor-widget elementor-widget-heading\" data-id=\"c2112f5\" data-element_type=\"widget\" data-widget_type=\"heading.default\">\n\t\t\t\t<div class=\"elementor-widget-container\">\n\t\t\t\t\t<h1 class=\"elementor-heading-title elementor-size-default\">Made in Zamorano<\/h1>\t\t\t\t<\/div>\n\t\t\t\t<\/div>\n\t\t\t\t<div class=\"elementor-element elementor-element-d65f78a elementor-widget elementor-widget-text-editor\" data-id=\"d65f78a\" data-element_type=\"widget\" data-widget_type=\"text-editor.default\">\n\t\t\t\t<div class=\"elementor-widget-container\">\n\t\t\t\t\t\t\t\t\t<p aria-level=\"1\"><b><span data-contrast=\"none\">Made in Zamorano<\/span><\/b><span data-ccp-props=\"{&quot;134245418&quot;:true,&quot;134245529&quot;:true,&quot;201341983&quot;:0,&quot;335559738&quot;:0,&quot;335559739&quot;:0,&quot;335559740&quot;:240}\">\u00a0<\/span><\/p><p><span data-contrast=\"auto\">At Zamorano, we learn, create, and transform lives together. With a passion for our teaching-learning methodology: Learning by doing.<\/span><\/p>\t\t\t\t\t\t\t\t<\/div>\n\t\t\t\t<\/div>\n\t\t\t\t\t<\/div>\n\t\t<\/div>\n\t\t\t\t<div class=\"elementor-column elementor-col-50 elementor-top-column elementor-element elementor-element-1028bc1 elementor-hidden-desktop elementor-hidden-tablet elementor-hidden-phone\" data-id=\"1028bc1\" data-element_type=\"column\">\n\t\t\t<div class=\"elementor-widget-wrap\">\n\t\t\t\t\t\t\t<\/div>\n\t\t<\/div>\n\t\t\t\t\t<\/div>\n\t\t<\/section>\n\t\t\t\t<section class=\"elementor-section elementor-top-section elementor-element elementor-element-3f9e931 elementor-section-boxed elementor-section-height-default elementor-section-height-default\" data-id=\"3f9e931\" data-element_type=\"section\">\n\t\t\t\t\t\t<div class=\"elementor-container elementor-column-gap-default\">\n\t\t\t\t\t<div class=\"elementor-column elementor-col-100 elementor-top-column elementor-element elementor-element-10fcfd3\" data-id=\"10fcfd3\" data-element_type=\"column\">\n\t\t\t<div class=\"elementor-widget-wrap elementor-element-populated\">\n\t\t\t\t\t\t<div class=\"elementor-element elementor-element-31a7fa3 elementor-widget elementor-widget-text-editor\" data-id=\"31a7fa3\" data-element_type=\"widget\" data-settings=\"{&quot;_animation&quot;:&quot;none&quot;,&quot;_animation_tablet&quot;:&quot;none&quot;,&quot;_animation_mobile&quot;:&quot;none&quot;,&quot;_animation_delay&quot;:300}\" data-widget_type=\"text-editor.default\">\n\t\t\t\t<div class=\"elementor-widget-container\">\n\t\t\t\t\t\t\t\t\t<p><span data-contrast=\"auto\">Each product made at Zamorano is produced by our students, through a journey towards excellence and innovation. <\/span><span data-contrast=\"none\">All the economic benefit generated by the sale of our products drives dreams and transforms lives, profits go towards go towards scholarships and infrastructure improvements, building bridges to a bright future.\u00a0<\/span><span data-ccp-props=\"{&quot;201341983&quot;:0,&quot;335551550&quot;:6,&quot;335551620&quot;:6,&quot;335559739&quot;:160,&quot;335559740&quot;:257}\">\u00a0<\/span><\/p><p><span data-contrast=\"none\">Discover the excellence of Learning by doing in our products!\u00a0<\/span><span data-ccp-props=\"{&quot;201341983&quot;:0,&quot;335551550&quot;:6,&quot;335551620&quot;:6,&quot;335559739&quot;:160,&quot;335559740&quot;:257}\">\u00a0<\/span><\/p><p><span data-contrast=\"none\">Our 100% animal protein meat products guarantee incomparable quality and freshness. Our carefully crafted selection of dairy products offers the best in taste, nutrition and quality. Our wide range of fruit and vegetable products, grown with care, provides the assurance of the excellence of our programs.<\/span><\/p>\t\t\t\t\t\t\t\t<\/div>\n\t\t\t\t<\/div>\n\t\t\t\t\t<\/div>\n\t\t<\/div>\n\t\t\t\t\t<\/div>\n\t\t<\/section>\n\t\t<div class=\"elementor-element elementor-element-99fab9c e-flex e-con-boxed e-con e-parent\" data-id=\"99fab9c\" data-element_type=\"container\">\n\t\t\t\t\t<div class=\"e-con-inner\">\n\t\t\t\t<div class=\"elementor-element elementor-element-cf80eb2 elementor-widget elementor-widget-shortcode\" data-id=\"cf80eb2\" data-element_type=\"widget\" data-widget_type=\"shortcode.default\">\n\t\t\t\t<div class=\"elementor-widget-container\">\n\t\t\t\t\t\t\t<div class=\"elementor-shortcode\"><div style=\"position:relative;width:100%;min-height:100vh;\">\n  <iframe\n    src=\"https:\/\/hechoenzamorano.netlify.app\"\n    style=\"width:100%;height:1000px;border:0;\"\n    loading=\"lazy\"\n    allowfullscreen\n><\/iframe>\n<\/div><\/div>\n\t\t\t\t\t\t<\/div>\n\t\t\t\t<\/div>\n\t\t\t\t\t<\/div>\n\t\t\t\t<\/div>\n\t\t\t\t<\/div>","protected":false},"excerpt":{"rendered":"<p>Hecho en Zamorano\u00a0 En Zamorano, aprendemos, creamos y transformamos vidas juntos. Con pasi\u00f3n por nuestra metodolog\u00eda de ense\u00f1anza-aprendizaje: Aprender-Haciendo. Cada producto elaborado en Zamorano es producido por nuestros estudiantes, mediante un viaje hacia la excelencia e innovaci\u00f3n. Todo el beneficio econ\u00f3mico generado por la venta de nuestros productos impulsa sue\u00f1os y transforma vidas, ya que&#8230;<\/p>","protected":false},"author":1,"featured_media":0,"parent":0,"menu_order":0,"comment_status":"closed","ping_status":"closed","template":"","meta":{"content-type":"","inline_featured_image":false,"footnotes":""},"class_list":["post-989872","page","type-page","status-publish","hentry"],"_links":{"self":[{"href":"http:\/\/52.15.254.18\/en\/wp-json\/wp\/v2\/pages\/989872","targetHints":{"allow":["GET"]}}],"collection":[{"href":"http:\/\/52.15.254.18\/en\/wp-json\/wp\/v2\/pages"}],"about":[{"href":"http:\/\/52.15.254.18\/en\/wp-json\/wp\/v2\/types\/page"}],"author":[{"embeddable":true,"href":"http:\/\/52.15.254.18\/en\/wp-json\/wp\/v2\/users\/1"}],"replies":[{"embeddable":true,"href":"http:\/\/52.15.254.18\/en\/wp-json\/wp\/v2\/comments?post=989872"}],"version-history":[{"count":32,"href":"http:\/\/52.15.254.18\/en\/wp-json\/wp\/v2\/pages\/989872\/revisions"}],"predecessor-version":[{"id":1002390,"href":"http:\/\/52.15.254.18\/en\/wp-json\/wp\/v2\/pages\/989872\/revisions\/1002390"}],"wp:attachment":[{"href":"http:\/\/52.15.254.18\/en\/wp-json\/wp\/v2\/media?parent=989872"}],"curies":[{"name":"wp","href":"https:\/\/api.w.org\/{rel}","templated":true}]}}